{"id":113,"date":"2016-06-30T13:27:29","date_gmt":"2016-06-30T12:27:29","guid":{"rendered":"http:\/\/garecentrale.be\/wp\/?page_id=113"},"modified":"2022-12-27T14:38:59","modified_gmt":"2022-12-27T13:38:59","slug":"axe-2","status":"publish","type":"page","link":"https:\/\/garecentrale.be\/wp\/en\/axe-2\/","title":{"rendered":"AXE"},"content":{"rendered":"<div class=\"wpb-content-wrapper\"><p>[vc_row css_animation=&#8221;&#8221; row_type=&#8221;row&#8221; use_row_as_full_screen_section=&#8221;no&#8221; type=&#8221;full_width&#8221; angled_section=&#8221;no&#8221; text_align=&#8221;left&#8221; background_image_as_pattern=&#8221;without_pattern&#8221;][vc_column][vc_empty_space height=&#8221;42px&#8221;][\/vc_column][\/vc_row][vc_row css_animation=&#8221;&#8221; row_type=&#8221;row&#8221; use_row_as_full_screen_section=&#8221;no&#8221; type=&#8221;full_width&#8221; angled_section=&#8221;no&#8221; text_align=&#8221;left&#8221; background_image_as_pattern=&#8221;without_pattern&#8221; side_padding=&#8221;0%\/10%&#8221; css=&#8221;.vc_custom_1470757792822{padding-right: 30px !important;padding-left: 30px !important;}&#8221;][vc_column width=&#8221;3\/4&#8243;][vc_empty_space height=&#8221;22px&#8221;][vc_column_text]<\/p>\n<h1>AXE<\/h1>\n<p>[\/vc_column_text][vc_empty_space height=&#8221;22px&#8221;][vc_column_text]by and with Thierry Hellin and Agn\u00e8s Limbos<\/p>\n<p>premiere 2016<\/p>\n<p>for general audiences, 13 and up<\/p>\n<p>audience capacity: 250 spectators<\/p>\n<p>duration: 1 hour[\/vc_column_text][vc_empty_space height=&#8221;22px&#8221;][vc_column_text css=&#8221;.vc_custom_1539692487528{padding-top: 10px !important;padding-right: 10px !important;padding-bottom: 10px !important;padding-left: 10px !important;}&#8221;]<\/p>\n<h3><em>\u201cAs we are no longer anyone, we aren\u2019t worth much of anything.\u201d<\/em><\/h3>\n<h3><em>The world is going to hell in a hand basket, it\u2019s official.<\/em><\/h3>\n<h3><em>A decadent plutocrat couple, hanging on to their privileges as misery hangs on to the world, exhaust themselves keeping themselves upright as everything collapses around them.<\/em><\/h3>\n<h3><em>Just as wax or ice once melted will never retake its initial from, returning to the past is impossible. They have pushed things a bit too far and fear invades them in this familiar closed room.<\/em><\/h3>\n<h3><em>The axis that has kept them upright, proud and arrogant for ages resembles more and more a roundabout. Faced with the enigmatic, the incomprehensible, they lose the capacity for language which transforms into a horrible jargon of disoriented humans, into long obsessive complaints, while around them the voices of their unconsciousness resound.<\/em><\/h3>\n<h3><em>Hard, they become flaccid\u2026<\/em><\/h3>\n<p>[\/vc_column_text][vc_empty_space height=&#8221;22px&#8221;][vc_column_text]Artistic accompaniment and sound design: Guillaume Istace<\/p>\n<p>With the precious collaboration of Nienke Reehorst and Raven Ru\u00ebll<\/p>\n<p>Movement Consultant: Ivan Fatjo<\/p>\n<p>Lighting Design: Jean-Jacques Deneumoustier<\/p>\n<p>Creation of objects: Myriam Hornard\/plastic artist<\/p>\n<p>Stage manager: Jo\u00ebl Bosmans<\/p>\n<p>Constructions: Val Mac\u00e9 and Michel Van Brussel<\/p>\n<p>Machinery: Les Ateliers du Th\u00e9\u00e2tre de Li\u00e8ge<\/p>\n<p>Technician: Nicolas Thill, Jo\u00ebl Bosmans and Juan Borrego<\/p>\n<p>Photos: Alice Piemme<\/p>\n<p>Our thanks to: Jeanne Dandoy, Susann Heenen-Wolff, Mary Jimenez, B\u00e9n\u00e9dicte Li\u00e9nard, Philippe Sireuil, Michel Tanner.<\/p>\n<p>A production of the Compagnie Gare Centrale and Une Compagnie in co-production with the Th\u00e9\u00e2tre de Li\u00e8ge (Li\u00e8ge, BE), the Th\u00e9\u00e2tre Varia (Brussels, BE) and the Festival Mondial des Th\u00e9\u00e2tres de Marionettes (Charleville-M\u00e9zi\u00e8res, FR). With the Festival XS-Th\u00e9\u00e2tre National de Belgique (Brussels,BE), the SACD France and the SACD Belgium and the support of the SABAM.<\/p>\n<p>Premiere November\/December 2016 at the Th\u00e9\u00e2tre de Li\u00e8ge (Li\u00e8ge, BE) and the Th\u00e9\u00e2tre Varia (Brussels, BE).<\/p>\n<p>Nomination at the Sabam Awards.[\/vc_column_text][vc_empty_space][\/vc_column][vc_column width=&#8221;1\/4&#8243;][vc_column_text]<\/p>\n<p style=\"text-align: center;\">Agenda of the show<\/p>\n<p>[\/vc_column_text][vc_single_image image=&#8221;1547&#8243; img_size=&#8221;large&#8221; alignment=&#8221;center&#8221; onclick=&#8221;custom_link&#8221; qode_css_animation=&#8221;&#8221; link=&#8221;http:\/\/garecentrale.be\/wp\/?tribe_events_cat=axe&#8221;][vc_empty_space][vc_video link=&#8221;https:\/\/vimeo.com\/198894257&#8243; title=&#8221;Trailer&#8221;][vc_empty_space][vc_raw_html]JTNDZGl2JTIwY2xhc3MlM0QlMjJpZnJhbWUtcmVzcG9uc2l2ZS13cmFwcGVyJTIyJTNFJTBBJTIwJTIwJTIwJTIwJTNDaW1nJTIwY2xhc3MlM0QlMjJpZnJhbWUtcmF0aW8lMjIlMjBzcmMlM0QlMjJkYXRhJTNBaW1hZ2UlMkZnaWYlM0JiYXNlNjQlMkNSMGxHT0RsaEVBQUpBSUFBQVAlMkYlMkYlMkZ3QUFBQ0g1QkFFQUFBQUFMQUFBQUFBUUFBa0FBQUlLaEklMkJweSUyQjBQbzV5VUZRQTclMjIlMkYlM0UlMEElMjAlMjAlMjAlMjAlM0NpZnJhbWUlMjBzcmMlM0QlMjJodHRwJTNBJTJGJTJGd3d3LnRoZWF0cmUtdmlkZW8ubmV0JTJGZW1iZWQlMkZsVFdtQ1VOMCUzRmNvbG9yJTNEZmZmZmZmJTIyJTIwd2lkdGglM0QlMjI2NDAlMjIlMjBoZWlnaHQlM0QlMjIzNjAlMjIlMjBmcmFtZWJvcmRlciUzRCUyMjAlMjIlMjB3ZWJraXRBbGxvd0Z1bGxTY3JlZW4lMjBtb3phbGxvd2Z1bGxzY3JlZW4lMjBhbGxvd0Z1bGxTY3JlZW4lM0UlM0MlMkZpZnJhbWUlM0UlMEElM0MlMkZkaXYlM0U=[\/vc_raw_html][vc_empty_space][vc_gallery interval=&#8221;0&#8243; images=&#8221;470,469&#8243; img_size=&#8221;full&#8221;][vc_empty_space][\/vc_column][\/vc_row]<\/p>\n<\/div>","protected":false},"excerpt":{"rendered":"<p>[vc_row css_animation=&#8221;&#8221; row_type=&#8221;row&#8221; use_row_as_full_screen_section=&#8221;no&#8221; type=&#8221;full_width&#8221; angled_section=&#8221;no&#8221; text_align=&#8221;left&#8221; background_image_as_pattern=&#8221;without_pattern&#8221;][vc_column][vc_empty_space height=&#8221;42px&#8221;][\/vc_column][\/vc_row][vc_row css_animation=&#8221;&#8221; row_type=&#8221;row&#8221; use_row_as_full_screen_section=&#8221;no&#8221; type=&#8221;full_width&#8221; angled_section=&#8221;no&#8221; text_align=&#8221;left&#8221; background_image_as_pattern=&#8221;without_pattern&#8221; side_padding=&#8221;0%\/10%&#8221; css=&#8221;.vc_custom_1470757792822{padding-right: 30px !important;padding-left:&#8230;<\/p>\n","protected":false},"author":2,"featured_media":0,"parent":0,"menu_order":0,"comment_status":"closed","ping_status":"closed","template":"full_width.php","meta":{"footnotes":""},"class_list":["post-113","page","type-page","status-publish","hentry"],"jetpack_sharing_enabled":true,"jetpack_shortlink":"https:\/\/wp.me\/P8LQV0-1P","_links":{"self":[{"href":"https:\/\/garecentrale.be\/wp\/en\/wp-json\/wp\/v2\/pages\/113","targetHints":{"allow":["GET"]}}],"collection":[{"href":"https:\/\/garecentrale.be\/wp\/en\/wp-json\/wp\/v2\/pages"}],"about":[{"href":"https:\/\/garecentrale.be\/wp\/en\/wp-json\/wp\/v2\/types\/page"}],"author":[{"embeddable":true,"href":"https:\/\/garecentrale.be\/wp\/en\/wp-json\/wp\/v2\/users\/2"}],"replies":[{"embeddable":true,"href":"https:\/\/garecentrale.be\/wp\/en\/wp-json\/wp\/v2\/comments?post=113"}],"version-history":[{"count":72,"href":"https:\/\/garecentrale.be\/wp\/en\/wp-json\/wp\/v2\/pages\/113\/revisions"}],"predecessor-version":[{"id":3610,"href":"https:\/\/garecentrale.be\/wp\/en\/wp-json\/wp\/v2\/pages\/113\/revisions\/3610"}],"wp:attachment":[{"href":"https:\/\/garecentrale.be\/wp\/en\/wp-json\/wp\/v2\/media?parent=113"}],"curies":[{"name":"wp","href":"https:\/\/api.w.org\/{rel}","templated":true}]}}