{"id":2680,"date":"2019-12-09T16:59:28","date_gmt":"2019-12-09T15:59:28","guid":{"rendered":"http:\/\/garecentrale.be\/wp\/?page_id=2680"},"modified":"2022-12-01T16:53:50","modified_gmt":"2022-12-01T15:53:50","slug":"expo","status":"publish","type":"page","link":"https:\/\/garecentrale.be\/wp\/en\/expo\/","title":{"rendered":"Exhibition"},"content":{"rendered":"<div class=\"wpb-content-wrapper\"><p>[vc_row css_animation=&#8221;&#8221; row_type=&#8221;row&#8221; use_row_as_full_screen_section=&#8221;no&#8221; type=&#8221;full_width&#8221; angled_section=&#8221;no&#8221; text_align=&#8221;left&#8221; background_image_as_pattern=&#8221;without_pattern&#8221;][vc_column][vc_column_text]<\/p>\n<h3 style=\"text-align: center;\">EXHIBITION<\/h3>\n<p>[\/vc_column_text][vc_column_text]<\/p>\n<h1 class=\"western\" lang=\"fr-BE\" align=\"center\">Sans crier Gare<\/h1>\n<p>[\/vc_column_text][vc_empty_space][\/vc_column][\/vc_row][vc_row css_animation=&#8221;&#8221; row_type=&#8221;row&#8221; use_row_as_full_screen_section=&#8221;no&#8221; type=&#8221;full_width&#8221; angled_section=&#8221;no&#8221; text_align=&#8221;left&#8221; background_image_as_pattern=&#8221;without_pattern&#8221;][vc_column][vc_column_text]<\/p>\n<p class=\"western\" lang=\"fr-BE\">The exhibition retrace the shows of the company since 1984 trough the objects, scenographies, installations which have inspired the creations, Daniel Daniel&#8217;s posters, Alice Piemme&#8217;s pictures, M\u00e9lanie Rutten&#8217;s drawings and other collaborators&#8217;s works.<\/p>\n<p lang=\"fr-BE\">Creation in September 2017 as part of the carte blanche of Agn\u00e8s Limbos at the Festival Mondial des Th\u00e9\u00e2tres de Marionnettes, Charleville Mezi\u00e8res (F)<\/p>\n<p class=\"western\" lang=\"fr-BE\">At the Marni theater, October 2017, Brussels (B)<\/p>\n<p class=\"western\" lang=\"fr-BE\">at the Puppentheater Magdebourg (D) from March to November 2020<\/p>\n<p class=\"western\" lang=\"fr-BE\">at the Th\u00e9\u00e2tre Mouffetard, Paris (F) from January 10th to 19th 2023<\/p>\n<p>[\/vc_column_text][\/vc_column][\/vc_row]<\/p>\n<\/div>","protected":false},"excerpt":{"rendered":"<p>[vc_row css_animation=&#8221;&#8221; row_type=&#8221;row&#8221; use_row_as_full_screen_section=&#8221;no&#8221; type=&#8221;full_width&#8221; angled_section=&#8221;no&#8221; text_align=&#8221;left&#8221; background_image_as_pattern=&#8221;without_pattern&#8221;][vc_column][vc_column_text] EXHIBITION [\/vc_column_text][vc_column_text] Sans crier Gare [\/vc_column_text][vc_empty_space][\/vc_column][\/vc_row][vc_row css_animation=&#8221;&#8221; row_type=&#8221;row&#8221; use_row_as_full_screen_section=&#8221;no&#8221; type=&#8221;full_width&#8221; angled_section=&#8221;no&#8221; text_align=&#8221;left&#8221;&#8230;<\/p>\n","protected":false},"author":2,"featured_media":0,"parent":0,"menu_order":0,"comment_status":"closed","ping_status":"closed","template":"","meta":{"footnotes":""},"class_list":["post-2680","page","type-page","status-publish","hentry"],"jetpack_sharing_enabled":true,"jetpack_shortlink":"https:\/\/wp.me\/P8LQV0-He","_links":{"self":[{"href":"https:\/\/garecentrale.be\/wp\/en\/wp-json\/wp\/v2\/pages\/2680","targetHints":{"allow":["GET"]}}],"collection":[{"href":"https:\/\/garecentrale.be\/wp\/en\/wp-json\/wp\/v2\/pages"}],"about":[{"href":"https:\/\/garecentrale.be\/wp\/en\/wp-json\/wp\/v2\/types\/page"}],"author":[{"embeddable":true,"href":"https:\/\/garecentrale.be\/wp\/en\/wp-json\/wp\/v2\/users\/2"}],"replies":[{"embeddable":true,"href":"https:\/\/garecentrale.be\/wp\/en\/wp-json\/wp\/v2\/comments?post=2680"}],"version-history":[{"count":18,"href":"https:\/\/garecentrale.be\/wp\/en\/wp-json\/wp\/v2\/pages\/2680\/revisions"}],"predecessor-version":[{"id":3556,"href":"https:\/\/garecentrale.be\/wp\/en\/wp-json\/wp\/v2\/pages\/2680\/revisions\/3556"}],"wp:attachment":[{"href":"https:\/\/garecentrale.be\/wp\/en\/wp-json\/wp\/v2\/media?parent=2680"}],"curies":[{"name":"wp","href":"https:\/\/api.w.org\/{rel}","templated":true}]}}