{"id":1543,"date":"2017-12-11T11:27:35","date_gmt":"2017-12-11T10:27:35","guid":{"rendered":"http:\/\/garecentrale.be\/wp\/?page_id=1543"},"modified":"2022-12-27T14:38:21","modified_gmt":"2022-12-27T13:38:21","slug":"quo-vadis","status":"publish","type":"page","link":"https:\/\/garecentrale.be\/wp\/quo-vadis\/","title":{"rendered":"QUO VADIS ?"},"content":{"rendered":"<div class=\"wpb-content-wrapper\"><p>[vc_row css_animation=\u00a0\u00bb\u00a0\u00bb row_type=\u00a0\u00bbrow\u00a0\u00bb use_row_as_full_screen_section=\u00a0\u00bbno\u00a0\u00bb type=\u00a0\u00bbfull_width\u00a0\u00bb angled_section=\u00a0\u00bbno\u00a0\u00bb text_align=\u00a0\u00bbleft\u00a0\u00bb background_image_as_pattern=\u00a0\u00bbwithout_pattern\u00a0\u00bb][vc_column][vc_empty_space height=\u00a0\u00bb42px\u00a0\u00bb][\/vc_column][\/vc_row][vc_row css_animation=\u00a0\u00bb\u00a0\u00bb row_type=\u00a0\u00bbrow\u00a0\u00bb use_row_as_full_screen_section=\u00a0\u00bbno\u00a0\u00bb type=\u00a0\u00bbfull_width\u00a0\u00bb angled_section=\u00a0\u00bbno\u00a0\u00bb text_align=\u00a0\u00bbleft\u00a0\u00bb background_image_as_pattern=\u00a0\u00bbwithout_pattern\u00a0\u00bb side_padding=\u00a0\u00bb0%\/10%\u00a0\u00bb css=\u00a0\u00bb.vc_custom_1470757792822{padding-right: 30px !important;padding-left: 30px !important;}\u00a0\u00bb][vc_column width=\u00a0\u00bb3\/4&Prime;][vc_empty_space height=\u00a0\u00bb22px\u00a0\u00bb][vc_column_text]QUO VADIS ?[\/vc_column_text][vc_empty_space height=\u00a0\u00bb22px\u00a0\u00bb][vc_column_text]petite forme de 25 minutes<\/p>\n<p>th\u00e9\u00e2tre visuel<\/p>\n<p>d&rsquo;Agn\u00e8s Limbos et Christophe Sermet[\/vc_column_text][vc_empty_space height=\u00a0\u00bb22px\u00a0\u00bb][vc_column_text css=\u00a0\u00bb.vc_custom_1512985168003{padding-top: 10px !important;padding-right: 10px !important;padding-bottom: 10px !important;padding-left: 10px !important;}\u00a0\u00bb]<\/p>\n<h3>Elle creuse, elle fouille profond\u00e9ment dans la boue<br \/>\nElle d\u00e9terre de minuscules fragments de sa vie<br \/>\nLa boue lui coule sur la t\u00eate<br \/>\nElle d\u00e9voile son genou. Appara\u00eet une cicatrice ancienne.<br \/>\nElle est compl\u00e8tement paniqu\u00e9e.<br \/>\n<em>Et alors, qu&rsquo;est ce que je vous avais dit ?<\/em> murmure le vieux singe<\/h3>\n<p>[\/vc_column_text][vc_empty_space height=\u00a0\u00bb22px\u00a0\u00bb][vc_column_text]A la table : Agn\u00e8s Limbos<\/p>\n<p>Au piano et \u00e0 la composition musicale : Joachim Caffonnette<\/p>\n<p>A l&rsquo;accompagnement artistique : Christophe Sermet<\/p>\n<p>A la cr\u00e9ation lumi\u00e8re et \u00e0 la r\u00e9gie : Nicolas Thill<\/p>\n<p>A la sc\u00e9nographie : Val Mac\u00e9<\/p>\n<p>Aux petits effets sp\u00e9ciaux : Sophie Carlier<\/p>\n<p>A la production : Sylviane Evrard<\/p>\n<p>Une production de la Compagnie Gare Centrale, en coproduction avec ONZE, biennale de la marionnette et des formes manipul\u00e9es &#8211; Mayenne, Sarthe, Maine-et-Loire.[\/vc_column_text][vc_empty_space][\/vc_column][vc_column width=\u00a0\u00bb1\/4&Prime;][vc_column_text]<\/p>\n<p style=\"text-align: center;\">Agenda du spectacle<\/p>\n<p>[\/vc_column_text][vc_single_image image=\u00a0\u00bb314&Prime; img_size=\u00a0\u00bblarge\u00a0\u00bb alignment=\u00a0\u00bbcenter\u00a0\u00bb onclick=\u00a0\u00bbcustom_link\u00a0\u00bb qode_css_animation=\u00a0\u00bb\u00a0\u00bb link=\u00a0\u00bbhttp:\/\/garecentrale.be\/wp\/?tribe_events_cat=quovadis\u00a0\u00bb][vc_empty_space][vc_gallery interval=\u00a0\u00bb10&Prime; images=\u00a0\u00bb1526&Prime; img_size=\u00a0\u00bbfull\u00a0\u00bb][vc_empty_space][\/vc_column][\/vc_row]<\/p>\n<\/div>","protected":false},"excerpt":{"rendered":"<p>[vc_row css_animation=\u00a0\u00bb\u00a0\u00bb row_type=\u00a0\u00bbrow\u00a0\u00bb use_row_as_full_screen_section=\u00a0\u00bbno\u00a0\u00bb type=\u00a0\u00bbfull_width\u00a0\u00bb angled_section=\u00a0\u00bbno\u00a0\u00bb text_align=\u00a0\u00bbleft\u00a0\u00bb background_image_as_pattern=\u00a0\u00bbwithout_pattern\u00a0\u00bb][vc_column][vc_empty_space height=\u00a0\u00bb42px\u00a0\u00bb][\/vc_column][\/vc_row][vc_row css_animation=\u00a0\u00bb\u00a0\u00bb row_type=\u00a0\u00bbrow\u00a0\u00bb use_row_as_full_screen_section=\u00a0\u00bbno\u00a0\u00bb type=\u00a0\u00bbfull_width\u00a0\u00bb angled_section=\u00a0\u00bbno\u00a0\u00bb text_align=\u00a0\u00bbleft\u00a0\u00bb background_image_as_pattern=\u00a0\u00bbwithout_pattern\u00a0\u00bb side_padding=\u00a0\u00bb0%\/10%\u00a0\u00bb css=\u00a0\u00bb.vc_custom_1470757792822{padding-right: 30px !important;padding-left:&#8230;<\/p>\n","protected":false},"author":2,"featured_media":0,"parent":0,"menu_order":0,"comment_status":"closed","ping_status":"closed","template":"full_width.php","meta":{"footnotes":""},"class_list":["post-1543","page","type-page","status-publish","hentry"],"jetpack_sharing_enabled":true,"jetpack_shortlink":"https:\/\/wp.me\/P8LQV0-oT","_links":{"self":[{"href":"https:\/\/garecentrale.be\/wp\/wp-json\/wp\/v2\/pages\/1543","targetHints":{"allow":["GET"]}}],"collection":[{"href":"https:\/\/garecentrale.be\/wp\/wp-json\/wp\/v2\/pages"}],"about":[{"href":"https:\/\/garecentrale.be\/wp\/wp-json\/wp\/v2\/types\/page"}],"author":[{"embeddable":true,"href":"https:\/\/garecentrale.be\/wp\/wp-json\/wp\/v2\/users\/2"}],"replies":[{"embeddable":true,"href":"https:\/\/garecentrale.be\/wp\/wp-json\/wp\/v2\/comments?post=1543"}],"version-history":[{"count":11,"href":"https:\/\/garecentrale.be\/wp\/wp-json\/wp\/v2\/pages\/1543\/revisions"}],"predecessor-version":[{"id":3609,"href":"https:\/\/garecentrale.be\/wp\/wp-json\/wp\/v2\/pages\/1543\/revisions\/3609"}],"wp:attachment":[{"href":"https:\/\/garecentrale.be\/wp\/wp-json\/wp\/v2\/media?parent=1543"}],"curies":[{"name":"wp","href":"https:\/\/api.w.org\/{rel}","templated":true}]}}