{"id":216,"date":"2016-07-01T16:44:12","date_gmt":"2016-07-01T15:44:12","guid":{"rendered":"http:\/\/garecentrale.be\/wp\/?page_id=216"},"modified":"2024-09-23T17:14:46","modified_gmt":"2024-09-23T16:14:46","slug":"limb-off","status":"publish","type":"page","link":"https:\/\/garecentrale.be\/wp\/limb-off\/","title":{"rendered":"Limb-off"},"content":{"rendered":"<div class=\"wpb-content-wrapper\"><p>[vc_row css_animation=\u00a0\u00bb\u00a0\u00bb row_type=\u00a0\u00bbrow\u00a0\u00bb use_row_as_full_screen_section=\u00a0\u00bbno\u00a0\u00bb type=\u00a0\u00bbfull_width\u00a0\u00bb angled_section=\u00a0\u00bbno\u00a0\u00bb text_align=\u00a0\u00bbleft\u00a0\u00bb background_image_as_pattern=\u00a0\u00bbwithout_pattern\u00a0\u00bb][vc_column css=\u00a0\u00bb.vc_custom_1470739580904{padding-right: 30px !important;padding-left: 30px !important;}\u00a0\u00bb][vc_empty_space][vc_column_text]<\/p>\n<h4 style=\"text-align: left;\">Tout ce que fait Agn\u00e8s \u00e0 l&rsquo;ext\u00e9rieur de Gare Centrale. Ou comment elle partage son exp\u00e9rience, son vin et son caf\u00e9.<\/h4>\n<p>[\/vc_column_text][vc_empty_space][\/vc_column][\/vc_row][vc_row css_animation=\u00a0\u00bb\u00a0\u00bb row_type=\u00a0\u00bbrow\u00a0\u00bb use_row_as_full_screen_section=\u00a0\u00bbno\u00a0\u00bb type=\u00a0\u00bbfull_width\u00a0\u00bb angled_section=\u00a0\u00bbno\u00a0\u00bb text_align=\u00a0\u00bbleft\u00a0\u00bb background_image_as_pattern=\u00a0\u00bbwithout_pattern\u00a0\u00bb][vc_column width=\u00a0\u00bb1\/2&Prime; css=\u00a0\u00bb.vc_custom_1470739539548{padding-right: 30px !important;padding-left: 30px !important;}\u00a0\u00bb][vc_column_text]<\/p>\n<h2 style=\"text-align: center;\">Mise en sc\u00e8ne<\/h2>\n<p>[\/vc_column_text][vc_empty_space][vc_column_text css=\u00a0\u00bb\u00a0\u00bb]<strong class=\"titredate\">1990<\/strong><br \/>\nmise en sc\u00e8ne<\/p>\n<p>COEUR DE CHIEN<\/p>\n<p>avec Robert Astle adaptation de l\u2019oeuvre de M.Boulgakof en co-production avec le conseil des Arts du Canada, Small Change Theatre d\u2019Edmonton (spectacle en anglais, tout public)<\/p>\n<hr \/>\n<p><strong class=\"titredate\">1991<\/strong><\/p>\n<p>\u00e9criture et mise en sc\u00e8ne<\/p>\n<p>CHAOS<\/p>\n<p>en co-production avec le Th\u00e9\u00e2tre Center de Londres , cr\u00e9ation \u00e0 Londres , tourn\u00e9e en Angleterre (spectacle en anglais \u00e0 partir de 6 ans)<\/p>\n<hr \/>\n<p><strong class=\"titredate\">2004<\/strong><\/p>\n<p>mise en sc\u00e8ne<\/p>\n<p>POEMAS TRAGICOS<\/p>\n<p>en co-production avec le Centre culturel de Belem \u00e0 Lisbonne au Portugal dans le cadre du projet \u00ab Percursos \u00bb<\/p>\n<hr \/>\n<p><strong class=\"titredate\">2006<\/strong><\/p>\n<p>d\u00e9but des squattages po\u00e9tiques : accompagnement et suivi artistique,technique et administratif des cr\u00e9ations de jeunes acteurs au sein de la Compagnie Gare Centrale en collaboration avec Th\u00e9\u00e2tre &amp;Publics : Marie Delhaye,Karine Birg\u00e9 et Isabelle Darras<\/p>\n<hr \/>\n<p><strong class=\"titredate\">2007<\/strong><br \/>\nmise en sc\u00e8ne<\/p>\n<p>LE DESTIN (dans le cadre des squattages po\u00e9tiques )<br \/>\n<a href=\"http:\/\/www.karyatides.net\">www.karyatides.net<\/a><\/p>\n<p>&nbsp;<\/p>\n<p>mise en sc\u00e8ne<\/p>\n<p>LA CIGOGNE ET LE COUCOU<\/p>\n<p>pour la Compagnie Arts&amp;Couleurs<\/p>\n<p><a href=\"http:\/\/www.artsetcouleurs.be\">www.artsetcouleurs.be<\/a><\/p>\n<hr \/>\n<p><strong class=\"titredate\">2008<\/strong><\/p>\n<p>mise en sc\u00e8ne<\/p>\n<p>DEVIATIONS<\/p>\n<p>dans le cadre des squattages po\u00e9tiques<\/p>\n<p><a href=\"http:\/\/www.garecentrale.be\">www.garecentrale.be<\/a><\/p>\n<hr \/>\n<p><strong class=\"titredate\">2009<\/strong><\/p>\n<p>mise en sc\u00e8ne<\/p>\n<p>FRAGILE<\/p>\n<p>dans le cadre des squattages po\u00e9tiques<\/p>\n<p><a href=\"http:\/\/www.garecentrale.be\">www.garecentrale.be<\/a><\/p>\n<hr \/>\n<p><strong class=\"titredate\">2010<\/strong><\/p>\n<p>mise en sc\u00e8ne<\/p>\n<p>MADAME BOVARY<\/p>\n<p>Compagnie Karyatides<\/p>\n<p><a href=\"http:\/\/www.karyatides.net\">www.karyatides.net<\/a><\/p>\n<hr \/>\n<p><strong class=\"titredate\">2014<\/strong><br \/>\nco-mise en sc\u00e8ne (avec F\u00e9licie Artaud )<\/p>\n<p>LES MISERABLES<\/p>\n<p>Compagnie Karyatides<\/p>\n<p><a href=\"http:\/\/www.karyatides.net\">www.karyatides.net<\/a><\/p>\n<hr \/>\n<p><strong class=\"titredate\">2015<\/strong><\/p>\n<p>\u00c9criture et mise en sc\u00e8ne<\/p>\n<p>MONSIEUR JEAN ET MONSIEUR JEAN<\/p>\n<p>Cr\u00e9ation au Luxembourg \u00e0 Traffo (Carr\u00e9 Rotondes) en coproduction avec United Instruments of Lucilin (LU)<br \/>\n<a href=\"http:\/\/www.rotondes.lu\" target=\"_blank\" rel=\"noopener\">www.rotondes.lu<\/a><\/p>\n<p><a href=\"http:\/\/www.lucilin.lu\" target=\"_blank\" rel=\"noopener\">www.lucilin.lu<\/a><\/p>\n<p>&nbsp;<\/p>\n<p>mise en sc\u00e8ne<\/p>\n<p>A LA FRITE<\/p>\n<p>de Claude Semal et Michel Carcan<br \/>\n<a href=\"http:\/\/www.claudesemal.com\" target=\"_blank\" rel=\"noopener\">www.claudesemal.com<\/a><\/p>\n<p>&nbsp;<\/p>\n<p>mise en sc\u00e8ne<\/p>\n<p>LES FABULEUX<\/p>\n<p>compagnie les Royales Marionnettes<br \/>\n<a href=\"http:\/\/www.lesroyalesmarionnettes.be\" target=\"_blank\" rel=\"noopener\">www.lesroyalesmarionnettes.be<\/a><\/p>\n<hr \/>\n<p><strong class=\"titredate\">2016<\/strong><br \/>\nmise en sc\u00e8ne<\/p>\n<p>ONE SHOT<\/p>\n<p>master class \u00e0 Turin<\/p>\n<p>PIP (festival Incanti)<br \/>\n<a href=\"http:\/\/www.festivalincanti.it\" target=\"_blank\" rel=\"noopener\">www.festivalincanti.it<\/a><\/p>\n<hr \/>\n<p><strong class=\"titredate\">2019<\/strong><br \/>\nmise en sc\u00e8ne<\/p>\n<p>ASHES TO ASHES<\/p>\n<p>Avec Gil Mortio, Simon Wauters<br \/>\n<a href=\"https:\/\/chargedurhinoceros.be\/\" target=\"_blank\" rel=\"noopener\">https:\/\/chargedurhinoceros.be<\/a><\/p>\n<hr \/>\n<p><strong class=\"titredate\">2020<\/strong><br \/>\nmise en sc\u00e8ne<\/p>\n<p>GUMMIENTEN AHOI!<\/p>\n<p>Avec\u00a0Freda Winter et Florian Kr\u00e4uter<br \/>\n<a href=\"https:\/\/www.puppentheater-magdeburg.de\/\" target=\"_blank\" rel=\"noopener\">https:\/\/www.puppentheater-magdeburg.de<\/a><\/p>\n<hr \/>\n<p><strong class=\"titredate\">2023<\/strong><br \/>\nmise en sc\u00e8ne<\/p>\n<p>MEMORIES\/ERINNERUNGEN<\/p>\n<p>collaboration entre Theater Mummpitz \u00e0 Nuremberg (D) et Compagnie Gare centrale<br \/>\navec Zo\u00e9 Neve,Sabine Zieser,Christine Mertens,Lennart Gottman et Micha\u00eal Bang<br \/>\n<a href=\"https:\/\/www.theater-mummpitz.de\/\" target=\"_blank\" rel=\"noopener\">www.theater-mummpitz.de<\/a>[\/vc_column_text][vc_empty_space][\/vc_column][vc_column width=\u00a0\u00bb1\/2&Prime; css=\u00a0\u00bb.vc_custom_1470739528352{padding-right: 30px !important;padding-left: 30px !important;}\u00a0\u00bb][vc_column_text]<\/p>\n<h2 style=\"text-align: center;\">Collaborations artistiques<\/h2>\n<p>[\/vc_column_text][vc_empty_space][vc_column_text]<strong class=\"titredate\">2008<\/strong><\/p>\n<p>accompagnement artistique<\/p>\n<p>LE GRAND CHANTIER<\/p>\n<p>avec Jacques Bourgaux<br \/>\nParis \u2013France<\/p>\n<p>&nbsp;<\/p>\n<p>regard complice<\/p>\n<p>KEFAR NAHUM<\/p>\n<p>de Nicole Mossoux<br \/>\nCompagnie Mossoux Bonte<br \/>\n<a href=\"http:\/\/mossoux-bonte.be\/fr\" target=\"_blank\" rel=\"noopener\">www.mossoux-bonte.be<\/a><\/p>\n<hr \/>\n<p><strong class=\"titredate\">2011<\/strong><\/p>\n<p>accompagnement artistique<\/p>\n<p>CARMEN<br \/>\nde Karine Birg\u00e9<\/p>\n<p><a href=\"http:\/\/www.karyatides.net\">www.karyatides.net<\/a><\/p>\n<hr \/>\n<p><strong class=\"titredate\">2012<\/strong><\/p>\n<p>mise en chantier et accompagnement artistique<\/p>\n<p>SOUFRE<br \/>\nde Charlotte Blin<\/p>\n<p>Compagnie A\u00efe A\u00efe A\u00efe<br \/>\n<a href=\"http:\/\/www.aieaieaie.fr\">www.aieaieaie.fr<\/a><\/p>\n<hr \/>\n<p><strong class=\"titredate\">2013<\/strong><\/p>\n<p>mise en chantier et co-mise en sc\u00e8ne<\/p>\n<p>JULIETTE + ROMEO = AESD<br \/>\nd&rsquo;Emma Lloyd et C\u00e9dric Hingou\u00ebt<\/p>\n<p>Scopitone et Cie<br \/>\n<a href=\"http:\/\/www.scopitoneetcompagnie.com\">www.scopitoneetcompagnie.com<\/a><\/p>\n<hr \/>\n<p><strong class=\"titredate\">2016<\/strong><\/p>\n<p>travail sur le rapport \u00e0 l&rsquo;objet et participation \u00e0 la mise en sc\u00e8ne<\/p>\n<p>LOKI, POUR NE PAS PERDRE LE NORD<br \/>\nde Abbi Patrix et Linda Edsj\u00f6<br \/>\nCompagnie du Cercle<br \/>\n<a href=\"http:\/\/www.compagnieducercle.fr\">www.compagnieducercle.fr<\/a><\/p>\n<hr \/>\n<p><strong class=\"titredate\">2017<\/strong><\/p>\n<p class=\"western\" lang=\"fr-BE\">travail sur la manipulation et la ventriloquie<\/p>\n<p>RETOUR A REIMS SUR FOND ROUGE<br \/>\nde Didier Eribon, mise en sc\u00e8ne St\u00e9phane Arcas<br \/>\n<cite><a href=\"https:\/\/www.google.be\/url?sa=t&amp;rct=j&amp;q=&amp;esrc=s&amp;source=web&amp;cd=&amp;ved=2ahUKEwiEw9GGhM77AhXKhv0HHQM3D1UQFnoECA8QAQ&amp;url=http%3A%2F%2Fstephanearcas.com%2Fretour-a-reims-2%2F&amp;usg=AOvVaw0eJvQF97Z6gVhGi23ica50\">http:\/\/stephanearcas.com \u203a retour-a-reims-2<\/a><\/cite><\/p>\n<hr \/>\n<p class=\"western\" lang=\"fr-BE\"><strong>2019<\/strong><\/p>\n<p class=\"western\" lang=\"fr-BE\">travail sur le rapport \u00e0 l&rsquo;objet et \u00e0 la manipulation<\/p>\n<p>FREDERICK<br \/>\nd&rsquo;apr\u00e8s Leo Lionni mise en sc\u00e8ne\u00a0: Francis Schmit<br \/>\nLa compagnie du Grand Boube<br \/>\n<cite><a href=\"https:\/\/www.google.be\/url?sa=t&amp;rct=j&amp;q=&amp;esrc=s&amp;source=web&amp;cd=&amp;ved=2ahUKEwj3hrOchc77AhXi_7sIHYdIAosQFnoECAkQAQ&amp;url=http%3A%2F%2Fwww.grandboube.com%2F&amp;usg=AOvVaw3-jBqrwsHsjYumypp9p-E7\">http:\/\/www.grandboube.com<\/a><\/cite><\/p>\n<p class=\"western\" lang=\"fr-BE\">travail sur la manipulation des marionnettes et son rapport \u00e0 l&rsquo;acteur<\/p>\n<p>FUTE FUTE<br \/>\nmise en sc\u00e8ne\u00a0: Mathias Simon<br \/>\nLes ateliers de la Colline<br \/>\n<cite><a href=\"https:\/\/www.google.be\/url?sa=t&amp;rct=j&amp;q=&amp;esrc=s&amp;source=web&amp;cd=&amp;ved=2ahUKEwiN0Nz4hs77AhXCxgIHHan0APkQFnoECA4QAQ&amp;url=http%3A%2F%2Fwww.actc.be%2F&amp;usg=AOvVaw3Ujr9oRIGnUG2die1UjFgv\">http:\/\/www.actc.be<\/a><\/cite><\/p>\n<p>[\/vc_column_text][vc_empty_space][\/vc_column][\/vc_row]<\/p>\n<\/div>","protected":false},"excerpt":{"rendered":"<p>[vc_row css_animation=\u00a0\u00bb\u00a0\u00bb row_type=\u00a0\u00bbrow\u00a0\u00bb use_row_as_full_screen_section=\u00a0\u00bbno\u00a0\u00bb type=\u00a0\u00bbfull_width\u00a0\u00bb angled_section=\u00a0\u00bbno\u00a0\u00bb text_align=\u00a0\u00bbleft\u00a0\u00bb background_image_as_pattern=\u00a0\u00bbwithout_pattern\u00a0\u00bb][vc_column css=\u00a0\u00bb.vc_custom_1470739580904{padding-right: 30px !important;padding-left: 30px !important;}\u00a0\u00bb][vc_empty_space][vc_column_text] Tout ce que fait Agn\u00e8s \u00e0 l&rsquo;ext\u00e9rieur&#8230;<\/p>\n","protected":false},"author":2,"featured_media":0,"parent":0,"menu_order":0,"comment_status":"closed","ping_status":"closed","template":"","meta":{"footnotes":""},"class_list":["post-216","page","type-page","status-publish","hentry"],"jetpack_sharing_enabled":true,"jetpack_shortlink":"https:\/\/wp.me\/P8LQV0-3u","_links":{"self":[{"href":"https:\/\/garecentrale.be\/wp\/wp-json\/wp\/v2\/pages\/216","targetHints":{"allow":["GET"]}}],"collection":[{"href":"https:\/\/garecentrale.be\/wp\/wp-json\/wp\/v2\/pages"}],"about":[{"href":"https:\/\/garecentrale.be\/wp\/wp-json\/wp\/v2\/types\/page"}],"author":[{"embeddable":true,"href":"https:\/\/garecentrale.be\/wp\/wp-json\/wp\/v2\/users\/2"}],"replies":[{"embeddable":true,"href":"https:\/\/garecentrale.be\/wp\/wp-json\/wp\/v2\/comments?post=216"}],"version-history":[{"count":46,"href":"https:\/\/garecentrale.be\/wp\/wp-json\/wp\/v2\/pages\/216\/revisions"}],"predecessor-version":[{"id":4734,"href":"https:\/\/garecentrale.be\/wp\/wp-json\/wp\/v2\/pages\/216\/revisions\/4734"}],"wp:attachment":[{"href":"https:\/\/garecentrale.be\/wp\/wp-json\/wp\/v2\/media?parent=216"}],"curies":[{"name":"wp","href":"https:\/\/api.w.org\/{rel}","templated":true}]}}