{"id":278,"date":"2016-07-02T10:36:50","date_gmt":"2016-07-02T09:36:50","guid":{"rendered":"http:\/\/garecentrale.be\/wp\/?page_id=278"},"modified":"2018-10-16T13:37:44","modified_gmt":"2018-10-16T12:37:44","slug":"fragile","status":"publish","type":"page","link":"https:\/\/garecentrale.be\/wp\/fragile\/","title":{"rendered":"FRAGILE"},"content":{"rendered":"<div class=\"wpb-content-wrapper\"><p>[vc_row css_animation=\u00a0\u00bb\u00a0\u00bb row_type=\u00a0\u00bbrow\u00a0\u00bb use_row_as_full_screen_section=\u00a0\u00bbno\u00a0\u00bb type=\u00a0\u00bbfull_width\u00a0\u00bb angled_section=\u00a0\u00bbno\u00a0\u00bb text_align=\u00a0\u00bbleft\u00a0\u00bb background_image_as_pattern=\u00a0\u00bbwithout_pattern\u00a0\u00bb][vc_column][vc_empty_space height=\u00a0\u00bb42px\u00a0\u00bb][\/vc_column][\/vc_row][vc_row css_animation=\u00a0\u00bb\u00a0\u00bb row_type=\u00a0\u00bbrow\u00a0\u00bb use_row_as_full_screen_section=\u00a0\u00bbno\u00a0\u00bb type=\u00a0\u00bbfull_width\u00a0\u00bb angled_section=\u00a0\u00bbno\u00a0\u00bb text_align=\u00a0\u00bbleft\u00a0\u00bb background_image_as_pattern=\u00a0\u00bbwithout_pattern\u00a0\u00bb side_padding=\u00a0\u00bb0%\/10%\u00a0\u00bb css=\u00a0\u00bb.vc_custom_1470757953407{padding-right: 30px !important;padding-left: 30px !important;}\u00a0\u00bb][vc_column width=\u00a0\u00bb3\/4&Prime;][vc_empty_space height=\u00a0\u00bb22px\u00a0\u00bb][vc_column_text]<\/p>\n<h1>FRAGILE<\/h1>\n<p>[\/vc_column_text][vc_empty_space height=\u00a0\u00bb22px\u00a0\u00bb][vc_column_text]d&rsquo;Isabelle Darras &amp; Julie Tenret<\/p>\n<p>dans le cadre des Squattages po\u00e9tiques de la Compagnie Gare Centrale<\/p>\n<p>cr\u00e9ation 2009<\/p>\n<p>spectacle tout public \u00e0 partir de 8 ans<\/p>\n<p>jauge\u00a0: 150 spectateurs[\/vc_column_text][vc_empty_space height=\u00a0\u00bb22px\u00a0\u00bb][vc_column_text css=\u00a0\u00bb.vc_custom_1470318621904{padding-top: 10px !important;padding-right: 10px !important;padding-bottom: 10px !important;padding-left: 10px !important;}\u00a0\u00bb]<\/p>\n<h3 style=\"text-align: left;\">Au travers de\u00a0 trois histoires, FRAGILE raconte : l\u2019in\u00e9branlable envie de vivre, la beaut\u00e9 de l\u2019incertitude, la non-conformit\u00e9, la r\u00e9sistance et la force de l\u2019imaginaire qui ouvre vers tous les possibles.<\/h3>\n<h3 style=\"text-align: left;\"><\/h3>\n<h3 style=\"text-align: left;\">FRAGILE est un spectacle d\u2019acteurs, d\u2019objets et de marionnettes. Les deux com\u00e9diens sont le plus souvent \u00e0 vue, tant\u00f4t spectateurs tant\u00f4t acteurs de ces moments de vie.<\/h3>\n<h3 style=\"text-align: left;\"><em>\u201cLes messages v\u00e9hicul\u00e9s sur le mode \u00e9motionnel et sensuel peuvent briser plus de pr\u00e9jug\u00e9s et d\u2019habitudes que des dizaines de pamphlets et de trait\u00e9s intellectuels.\u201d<\/em><\/h3>\n<h3 style=\"text-align: left;\">Pipilotti Rist<\/h3>\n<p>[\/vc_column_text][vc_empty_space height=\u00a0\u00bb22px\u00a0\u00bb][vc_column_text]Avec Estelle Franco ou Cyril Briant et Bernard Boudru<\/p>\n<p>Accompagnement artistique et mise en sc\u00e8ne : Agn\u00e8s Limbos<\/p>\n<p>Marionnettes et constructions :<\/p>\n<p>Zo\u00e9 Tenret, Beno\u00eet Gob, C\u00e9line Robaszynski, Julie Tenret, Isabelle Darras<\/p>\n<p>Cr\u00e9ation \u00e9clairages : Dimitri Joukovsky<\/p>\n<p>Structure des d\u00e9cors : Michel Van Brussel, Olivier Waterkeyn, Olivier Delforge<\/p>\n<p>Ambiances sonores : Vincent Cahay<\/p>\n<p>Texte Kliki : Philippe Grand\u2019Henry<\/p>\n<p>&nbsp;<\/p>\n<p>Une production de la Compagnie Gare Centrale asbl, avec le soutien du Th\u00e9\u00e2tre de la Balsamine<\/p>\n<p>&nbsp;<\/p>\n<p>Mention sp\u00e9ciale aux Rencontres de th\u00e9\u00e2tre jeune public de Huy 2009, pour sa sensibilit\u00e9, sa force et son engagement.[\/vc_column_text][vc_empty_space][\/vc_column][vc_column width=\u00a0\u00bb1\/4&Prime;][vc_video link=\u00a0\u00bbhttps:\/\/youtu.be\/eYALegaeSG8&Prime;][vc_empty_space][vc_gallery interval=\u00a0\u00bb0&Prime; images=\u00a0\u00bb817,816,815&Prime; img_size=\u00a0\u00bbfull\u00a0\u00bb][vc_empty_space][\/vc_column][\/vc_row]<\/p>\n<\/div>","protected":false},"excerpt":{"rendered":"<p>[vc_row css_animation=\u00a0\u00bb\u00a0\u00bb row_type=\u00a0\u00bbrow\u00a0\u00bb use_row_as_full_screen_section=\u00a0\u00bbno\u00a0\u00bb type=\u00a0\u00bbfull_width\u00a0\u00bb angled_section=\u00a0\u00bbno\u00a0\u00bb text_align=\u00a0\u00bbleft\u00a0\u00bb background_image_as_pattern=\u00a0\u00bbwithout_pattern\u00a0\u00bb][vc_column][vc_empty_space height=\u00a0\u00bb42px\u00a0\u00bb][\/vc_column][\/vc_row][vc_row css_animation=\u00a0\u00bb\u00a0\u00bb row_type=\u00a0\u00bbrow\u00a0\u00bb use_row_as_full_screen_section=\u00a0\u00bbno\u00a0\u00bb type=\u00a0\u00bbfull_width\u00a0\u00bb angled_section=\u00a0\u00bbno\u00a0\u00bb text_align=\u00a0\u00bbleft\u00a0\u00bb background_image_as_pattern=\u00a0\u00bbwithout_pattern\u00a0\u00bb side_padding=\u00a0\u00bb0%\/10%\u00a0\u00bb css=\u00a0\u00bb.vc_custom_1470757953407{padding-right: 30px !important;padding-left:&#8230;<\/p>\n","protected":false},"author":2,"featured_media":0,"parent":0,"menu_order":0,"comment_status":"closed","ping_status":"closed","template":"full_width.php","meta":{"footnotes":""},"class_list":["post-278","page","type-page","status-publish","hentry"],"jetpack_sharing_enabled":true,"jetpack_shortlink":"https:\/\/wp.me\/P8LQV0-4u","_links":{"self":[{"href":"https:\/\/garecentrale.be\/wp\/wp-json\/wp\/v2\/pages\/278","targetHints":{"allow":["GET"]}}],"collection":[{"href":"https:\/\/garecentrale.be\/wp\/wp-json\/wp\/v2\/pages"}],"about":[{"href":"https:\/\/garecentrale.be\/wp\/wp-json\/wp\/v2\/types\/page"}],"author":[{"embeddable":true,"href":"https:\/\/garecentrale.be\/wp\/wp-json\/wp\/v2\/users\/2"}],"replies":[{"embeddable":true,"href":"https:\/\/garecentrale.be\/wp\/wp-json\/wp\/v2\/comments?post=278"}],"version-history":[{"count":14,"href":"https:\/\/garecentrale.be\/wp\/wp-json\/wp\/v2\/pages\/278\/revisions"}],"predecessor-version":[{"id":2243,"href":"https:\/\/garecentrale.be\/wp\/wp-json\/wp\/v2\/pages\/278\/revisions\/2243"}],"wp:attachment":[{"href":"https:\/\/garecentrale.be\/wp\/wp-json\/wp\/v2\/media?parent=278"}],"curies":[{"name":"wp","href":"https:\/\/api.w.org\/{rel}","templated":true}]}}